{"id":1077,"date":"2024-07-01T13:16:12","date_gmt":"2024-07-01T13:16:12","guid":{"rendered":"https:\/\/d2dtradingcompany.com\/home\/"},"modified":"2024-07-16T14:27:53","modified_gmt":"2024-07-16T14:27:53","slug":"home","status":"publish","type":"page","link":"https:\/\/d2dtradingcompany.com\/es_AR\/","title":{"rendered":"HOME"},"content":{"rendered":"\n<div class=\"wp-block-uagb-container uagb-layout-grid uagb-block-df794a50 alignfull uagb-is-root-container\"><div class=\"uagb-container-inner-blocks-wrap\">\n<header class=\"wp-block-uagb-advanced-heading uagb-block-5f2b9b5c\"><h4 class=\"uagb-heading-text\"><strong>SOMOS D2D TRADING COMPANY<\/strong><\/h4><\/header>\n\n\n\n<div class=\"wp-block-uagb-info-box uagb-block-b3386ea8 uagb-infobox__content-wrap  uagb-infobox-icon-above-title uagb-infobox-image-valign-top\"><div class=\"uagb-ifb-content\"><div class=\"uagb-ifb-title-wrap\"><h1 class=\"uagb-ifb-title\">servicio<br \/>door to door<\/h1><\/div><\/div><\/div>\n\n\n\n<div class=\"wp-block-uagb-info-box uagb-block-95b66126 uagb-infobox__content-wrap  uagb-infobox-icon-above-title uagb-infobox-image-valign-top\"><div class=\"uagb-ifb-content\"><div class=\"uagb-ifb-icon-wrap\"><svg xmlns=\"https:\/\/www.w3.org\/2000\/svg\" viewBox=\"0 0 320 512\"><path d=\"M281.6 392.3l-104 112.1c-9.498 10.24-25.69 10.24-35.19 0l-104-112.1c-6.484-6.992-8.219-17.18-4.404-25.94c3.811-8.758 12.45-14.42 21.1-14.42H128V32c0-17.69 14.33-32 32-32S192 14.31 192 32v319.9h72c9.547 0 18.19 5.66 22 14.42C289.8 375.1 288.1 385.3 281.6 392.3z\"><\/path><\/svg><\/div><div class=\"uagb-ifb-title-wrap\"><\/div><\/div><\/div>\n<\/div><\/div>\n\n\n\n<div class=\"wp-block-uagb-container uagb-block-a9605dcc alignfull uagb-is-root-container\"><div class=\"uagb-container-inner-blocks-wrap\">\n<div class=\"wp-block-uagb-advanced-heading uagb-block-e759fc8b\"><h5 class=\"uagb-heading-text\">QUIENES SOMOS<\/h5><\/div>\n\n\n\n<div class=\"wp-block-uagb-info-box uagb-block-eed855e8 uagb-infobox__content-wrap  uagb-infobox-icon-above-title uagb-infobox-image-valign-top\"><div class=\"uagb-ifb-content\"><div class=\"uagb-ifb-title-wrap\"><h2 class=\"uagb-ifb-title\">Somos Especialistas<\/h2><\/div><p class=\"uagb-ifb-desc\"><strong>D2D Trading company lideramos el camino hacia la excelencia log\u00edstica, transportando soluciones integrales a escala global. Nuestro compromiso de trazar caminos que parecen inaccesibles es el diferencial que nos distingue en el mercado. \u00a1Te damos la bienvenida a una experiencia log\u00edstica \u00fanica y transformadora!<\/strong><\/p><\/div><\/div>\n<\/div><\/div>\n\n\n\n<div class=\"wp-block-uagb-container uagb-block-531ff76d alignfull uagb-is-root-container\"><div class=\"uagb-container-inner-blocks-wrap\">\n<div class=\"wp-block-uagb-container uagb-block-6501827e\">\n<div class=\"wp-block-uagb-advanced-heading uagb-block-92dd5a5b\"><h4 class=\"uagb-heading-text\">Nuestros Servicios<\/h4><\/div>\n\n\n\n<div class=\"wp-block-uagb-info-box uagb-block-802a77db uagb-infobox__content-wrap  uagb-infobox-icon-above-title uagb-infobox-image-valign-top\"><div class=\"uagb-ifb-content\"><div class=\"uagb-ifb-title-wrap\"><h3 class=\"uagb-ifb-title\">Nos encargamos de todo el proceso de la importaci\u00f3n de los productos, desde la b\u00fasqueda de f\u00e1bricas, hasta el env\u00edo de productos a la puerta de su negocio.<\/h3><\/div><div class=\"uagb-ifb-separator\"><\/div><\/div><\/div>\n\n\n\n<div class=\"wp-block-uagb-info-box uagb-block-1ede79d4 uagb-infobox__content-wrap  uagb-infobox-icon-above-title uagb-infobox-image-valign-top\"><div class=\"uagb-ifb-content\"><div class=\"uagb-ifb-title-wrap\"><h4 class=\"uagb-ifb-title\">Trading<\/h4><\/div><p class=\"uagb-ifb-desc\">B\u00fasqueda de f\u00e1bricas y\/o proveedores, producci\u00f3n de muestras y control de calidad.<\/p><div class=\"uagb-ifb-separator\"><\/div><\/div><\/div>\n\n\n\n<div class=\"wp-block-uagb-info-box uagb-block-e5ba37f9 uagb-infobox__content-wrap  uagb-infobox-icon-above-title uagb-infobox-image-valign-top\"><div class=\"uagb-ifb-content\"><div class=\"uagb-ifb-title-wrap\"><h4 class=\"uagb-ifb-title\">Despacho<\/h4><\/div><p class=\"uagb-ifb-desc\">Te entregamos la mercader\u00eda en la puerta de tu local de manera r\u00e1pida, segura y eficaz!!<\/p><div class=\"uagb-ifb-separator\"><\/div><\/div><\/div>\n\n\n\n<div class=\"wp-block-uagb-info-box uagb-block-6aa54f9d uagb-infobox__content-wrap  uagb-infobox-icon-above-title uagb-infobox-image-valign-top\"><div class=\"uagb-ifb-content\"><div class=\"uagb-ifb-title-wrap\"><h4 class=\"uagb-ifb-title\">Transporte<\/h4><\/div><p class=\"uagb-ifb-desc\">Almacenaje, embalaje y env\u00edos internacionales de las mercader\u00edas.<\/p><\/div><\/div>\n<\/div>\n\n\n\n<div class=\"wp-block-uagb-container uagb-block-589acdf0\">\n<div class=\"wp-block-uagb-info-box uagb-block-c07890d7 uagb-infobox__content-wrap  uagb-infobox-icon-above-title uagb-infobox-image-valign-top\"><div class=\"uagb-ifb-content\"><div class=\"uagb-ifb-title-wrap\"><h2 class=\"uagb-ifb-title\">Simplific\u00e1 tu importaci\u00f3n de mercader\u00edas en un solo lugar.<\/h2><\/div><\/div><\/div>\n<\/div>\n<\/div><\/div>\n\n\n\n<div class=\"wp-block-uagb-container uagb-block-2658a530 alignfull uagb-is-root-container\"><div class=\"uagb-container-inner-blocks-wrap\">\n<div class=\"wp-block-uagb-advanced-heading uagb-block-9840810a\"><h2 class=\"uagb-heading-text\">Nuestros trabajos<\/h2><\/div>\n\n\n\n<div class=\"wp-block-uagb-container uagb-block-51af8b82\">\n<div class=\"wp-block-uagb-info-box uagb-block-f5073bc7 uagb-infobox__content-wrap  uagb-infobox-icon-above-title uagb-infobox-image-valign-top\"><div class=\"uagb-ifb-content\"><div class=\"uagb-ifb-image-content\"><img decoding=\"async\" src=\"https:\/\/d2dtradingcompany.com\/wp-content\/uploads\/2024\/07\/1.jpg\" alt=\"\" width=\"\" height=\"0\" loading=\"lazy\"\/><\/div><div class=\"uagb-ifb-title-wrap\"><h4 class=\"uagb-ifb-title\">Produccion de las mercaderias<\/h4><\/div><p class=\"uagb-ifb-desc\">B\u00fasqueda de f\u00e1bricas y\/o proveedores, producci\u00f3n de muestras y control de calidad.<\/p><\/div><\/div>\n\n\n\n<div class=\"wp-block-uagb-info-box uagb-block-f9a76582 uagb-infobox__content-wrap  uagb-infobox-icon-above-title uagb-infobox-image-valign-top\"><div class=\"uagb-ifb-content\"><div class=\"uagb-ifb-image-content\"><img decoding=\"async\" src=\"https:\/\/d2dtradingcompany.com\/wp-content\/uploads\/2024\/07\/3.jpg\" alt=\"\" width=\"\" height=\"0\" loading=\"lazy\"\/><\/div><div class=\"uagb-ifb-title-wrap\"><h4 class=\"uagb-ifb-title\">Despacho<\/h4><\/div><p class=\"uagb-ifb-desc\">Te entregamos la mercader\u00eda en la puerta de tu local de manera r\u00e1pida, segura y eficaz.<\/p><\/div><\/div>\n\n\n\n<div class=\"wp-block-uagb-info-box uagb-block-8366a9c1 uagb-infobox__content-wrap  uagb-infobox-icon-above-title uagb-infobox-image-valign-top\"><div class=\"uagb-ifb-content\"><div class=\"uagb-ifb-image-content\"><img decoding=\"async\" src=\"https:\/\/d2dtradingcompany.com\/wp-content\/uploads\/2024\/07\/2.jpg\" alt=\"\" width=\"\" height=\"0\" loading=\"lazy\"\/><\/div><div class=\"uagb-ifb-title-wrap\"><h4 class=\"uagb-ifb-title\">Transporte\u200b<\/h4><\/div><p class=\"uagb-ifb-desc\">Almacenaje, embalaje y env\u00edos internacionales de las mercader\u00edas.<\/p><\/div><\/div>\n<\/div>\n<\/div><\/div>\n\n\n\n<div class=\"wp-block-uagb-container uagb-block-c9d96943 alignfull uagb-is-root-container\"><div class=\"uagb-container-inner-blocks-wrap\">\n<div class=\"wp-block-uagb-container uagb-block-82875d26\">\n<div class=\"wp-block-uagb-advanced-heading uagb-block-5c395265\"><h3 class=\"uagb-heading-text\">Necesitas ayuda para la importacion de tus mercaderias?<\/h3><\/div>\n<\/div>\n\n\n\n<div class=\"wp-block-uagb-container uagb-block-b4de9bef\">\n<div class=\"wp-block-uagb-buttons uagb-buttons__outer-wrap uagb-btn__default-btn uagb-btn-tablet__default-btn uagb-btn-mobile__default-btn uagb-block-5ee47e3b\"><div class=\"uagb-buttons__wrap uagb-buttons-layout-wrap \">\n<div class=\"wp-block-uagb-buttons-child uagb-buttons__outer-wrap uagb-block-f7cdde12 wp-block-button\"><div class=\"uagb-button__wrapper\"><a class=\"uagb-buttons-repeater wp-block-button__link\" aria-label=\"\" href=\"https:\/\/d2dtradingcompany.com\/es_AR\/servicios-%ec%84%9c%eb%b9%84%ec%8a%a4\/\" rel=\"follow noopener\" target=\"_self\" role=\"button\"><div class=\"uagb-button__link\">lEER MAS<\/div><\/a><\/div><\/div>\n<\/div><\/div>\n<\/div>\n<\/div><\/div>\n","protected":false},"excerpt":{"rendered":"<p><!-- wp:uagb\/container {\"block_id\":\"df794a50\",\"innerContentCustomWidthDesktop\":900,\"minHeightDesktop\":250,\"backgroundType\":\"image\",\"backgroundImageDesktop\":{\"id\":1315,\"title\":\"containers-trucks-ships-sea-port-city_845712-2819\",\"filename\":\"containers-...\n<\/p>\n","protected":false},"author":1,"featured_media":0,"parent":0,"menu_order":0,"comment_status":"closed","ping_status":"closed","template":"","meta":{"_uag_custom_page_level_css":"","site-sidebar-layout":"no-sidebar","site-content-layout":"plain-container","ast-site-content-layout":"full-width-container","site-content-style":"unboxed","site-sidebar-style":"unboxed","ast-global-header-display":"","ast-banner-title-visibility":"","ast-main-header-display":"","ast-hfb-above-header-display":"","ast-hfb-below-header-display":"","ast-hfb-mobile-header-display":"","site-post-title":"disabled","ast-breadcrumbs-content":"","ast-featured-img":"","footer-sml-layout":"","theme-transparent-header-meta":"enabled","adv-header-id-meta":"","stick-header-meta":"","header-above-stick-meta":"","header-main-stick-meta":"","header-below-stick-meta":"","astra-migrate-meta-layouts":"set","ast-page-background-enabled":"default","ast-page-background-meta":{"desktop":{"background-color":"","background-image":"","background-repeat":"repeat","background-position":"center center","background-size":"auto","background-attachment":"scroll","background-type":"","background-media":"","overlay-type":"","overlay-color":"","overlay-opacity":"","overlay-gradient":""},"tablet":{"background-color":"","background-image":"","background-repeat":"repeat","background-position":"center center","background-size":"auto","background-attachment":"scroll","background-type":"","background-media":"","overlay-type":"","overlay-color":"","overlay-opacity":"","overlay-gradient":""},"mobile":{"background-color":"","background-image":"","background-repeat":"repeat","background-position":"center center","background-size":"auto","background-attachment":"scroll","background-type":"","background-media":"","overlay-type":"","overlay-color":"","overlay-opacity":"","overlay-gradient":""}},"ast-content-background-meta":{"desktop":{"background-color":"var(--ast-global-color-5)","background-image":"","background-repeat":"repeat","background-position":"center center","background-size":"auto","background-attachment":"scroll","background-type":"","background-media":"","overlay-type":"","overlay-color":"","overlay-opacity":"","overlay-gradient":""},"tablet":{"background-color":"var(--ast-global-color-5)","background-image":"","background-repeat":"repeat","background-position":"center center","background-size":"auto","background-attachment":"scroll","background-type":"","background-media":"","overlay-type":"","overlay-color":"","overlay-opacity":"","overlay-gradient":""},"mobile":{"background-color":"var(--ast-global-color-5)","background-image":"","background-repeat":"repeat","background-position":"center center","background-size":"auto","background-attachment":"scroll","background-type":"","background-media":"","overlay-type":"","overlay-color":"","overlay-opacity":"","overlay-gradient":""}},"footnotes":""},"uagb_featured_image_src":{"full":false,"thumbnail":false,"medium":false,"medium_large":false,"large":false,"1536x1536":false,"2048x2048":false},"uagb_author_info":{"display_name":"Edhk","author_link":"https:\/\/d2dtradingcompany.com\/es_AR\/author\/edhk\/"},"uagb_comment_info":0,"uagb_excerpt":null,"_links":{"self":[{"href":"https:\/\/d2dtradingcompany.com\/es_AR\/wp-json\/wp\/v2\/pages\/1077"}],"collection":[{"href":"https:\/\/d2dtradingcompany.com\/es_AR\/wp-json\/wp\/v2\/pages"}],"about":[{"href":"https:\/\/d2dtradingcompany.com\/es_AR\/wp-json\/wp\/v2\/types\/page"}],"author":[{"embeddable":true,"href":"https:\/\/d2dtradingcompany.com\/es_AR\/wp-json\/wp\/v2\/users\/1"}],"replies":[{"embeddable":true,"href":"https:\/\/d2dtradingcompany.com\/es_AR\/wp-json\/wp\/v2\/comments?post=1077"}],"version-history":[{"count":122,"href":"https:\/\/d2dtradingcompany.com\/es_AR\/wp-json\/wp\/v2\/pages\/1077\/revisions"}],"predecessor-version":[{"id":1603,"href":"https:\/\/d2dtradingcompany.com\/es_AR\/wp-json\/wp\/v2\/pages\/1077\/revisions\/1603"}],"wp:attachment":[{"href":"https:\/\/d2dtradingcompany.com\/es_AR\/wp-json\/wp\/v2\/media?parent=1077"}],"curies":[{"name":"wp","href":"https:\/\/api.w.org\/{rel}","templated":true}]}}