{"id":1097,"date":"2024-07-01T14:13:53","date_gmt":"2024-07-01T14:13:53","guid":{"rendered":"https:\/\/d2dtradingcompany.com\/?page_id=1097"},"modified":"2024-07-11T12:48:25","modified_gmt":"2024-07-11T12:48:25","slug":"servicios-%ec%84%9c%eb%b9%84%ec%8a%a4","status":"publish","type":"page","link":"https:\/\/d2dtradingcompany.com\/es_AR\/servicios-%ec%84%9c%eb%b9%84%ec%8a%a4\/","title":{"rendered":"Servicios"},"content":{"rendered":"\n<p style=\"font-size:20px\"><strong>B\u00daSQUEDA DE F\u00c1BRICAS \/ PROVEEDORES<\/strong><\/p>\n\n\n\n<p><em><strong>Nos encargamos de encontrar al proveedor mejor capacitado para la fabricaci\u00f3n de tus productos!!<\/strong><\/em><\/p>\n\n\n\n<p>Identificar y seleccionar proveedores adecuados para las necesidades espec\u00edficas de cada cliente. El objetivo es optimizar la cadena de suministro, asegurando que el cliente obtenga productos de alta calidad a precios competitivos y en los plazos requeridos.<\/p>\n\n\n\n<p style=\"font-size:20px\"><strong>MUESTRA y CONTRAMUESTRA<\/strong><\/p>\n\n\n\n<p><em><strong>Te acompa\u00f1amos durante todo el camino de muestreo para que puedas fabricar la prenda tal cual la dise\u00f1aste!<\/strong><\/em><\/p>\n\n\n\n<p>Creaci\u00f3n de un prototipo inicial para evaluar el dise\u00f1o antes de la producci\u00f3n en masa, seguido por la inspecci\u00f3n de muestras de producci\u00f3n real para garantizar que cumplan con los est\u00e1ndares de calidad y dise\u00f1o antes de la distribuci\u00f3n. Esto asegura que las prendas cumplan con las expectativas del cliente y mantengan la integridad del dise\u00f1o original.<\/p>\n\n\n\n<p style=\"font-size:20px\"><strong>CONTROL DE CALIDAD<\/strong><\/p>\n\n\n\n<p><em><strong>Quedate tranquilo! Nos aseguraremos de que las mercader\u00edas que recibas sean las mismas que confirmaste en el muestreo!<\/strong><\/em><\/p>\n\n\n\n<p>Asegurar que los productos cumplan con est\u00e1ndares rigurosos antes de llegar a los clientes. Esto se logra mediante inspecciones, pruebas meticulosas y la correcci\u00f3n de posibles defectos en todas las etapas de producci\u00f3n. Es fundamental para mantener la calidad, seguridad y satisfacci\u00f3n del cliente, as\u00ed como para mejorar continuamente los procesos de fabricaci\u00f3n.<\/p>\n\n\n\n<p style=\"font-size:20px\"><strong>ALMACENAJE<\/strong><\/p>\n\n\n\n<p><em><strong>Te almacenamos la mercader\u00eda el tiempo necesario mientras completas tu producci\u00f3n!!<\/strong><\/em><\/p>\n\n\n\n<p>Guarda de las mercader\u00edas de manera segura y organizada en espacios f\u00edsicos designados. Esto incluye recibir, organizar, gestionar inventarios y preparar para su env\u00edo posterior.<\/p>\n\n\n\n<p style=\"font-size:20px\"><strong>EMBALAJE<\/strong><\/p>\n\n\n\n<p><em><strong>Le prestamos mucha atenci\u00f3n al embalaje, para que la mercader\u00eda llegue en \u00f3ptimas condiciones!<\/strong><\/em><\/p>\n\n\n\n<p>Preparar los productos para su transporte y almacenamiento utilizando materiales adecuados, asegurando que los productos lleguen en condiciones \u00f3ptimas al destino final.<\/p>\n\n\n\n<p style=\"font-size:20px\"><strong>ENVIO INTERNACIONAL<\/strong><\/p>\n\n\n\n<p><em><strong>Te brindamos desde la log\u00edstica interna hasta el transporte mar\u00edtimo internacional para que las mercader\u00eda llegue al pa\u00eds de manera segura.<\/strong><\/em><\/p>\n\n\n\n<p>Transportar mercanc\u00edas a trav\u00e9s de fronteras nacionales hacia destinos internacionales, asegurando cumplimiento aduanero, embalaje adecuado, gesti\u00f3n de documentaci\u00f3n y selecci\u00f3n de rutas eficientes.<\/p>\n\n\n\n<p style=\"font-size:20px\"><strong>DESPACHO<\/strong><\/p>\n\n\n\n<p><em><strong>Te entregamos la mercader\u00eda en la puerta de tu local de manera r\u00e1pida, segura y eficaz!!<\/strong><\/em><\/p>\n\n\n\n<p>Gestionar tr\u00e1mites aduaneros para la importaci\u00f3n de mercanc\u00edas. Ofrecer asesoramiento, preparar documentaci\u00f3n, gestionar impuestos y aranceles, y asegurar el cumplimiento de normativas para facilitar el comercio internacional de manera eficiente.<\/p>\n","protected":false},"excerpt":{"rendered":"<p><!-- wp:paragraph {\"style\":{\"typography\":{\"fontSize\":\"20px\"}}} --><\/p>\n<p style=\"font-size:20px\"><strong>B\u00daSQUEDA DE F\u00c1BRICAS \/ PROVEEDORES<\/strong><\/p>\n<p><!-- \/wp:paragraph --><\/p>\n<p><!-- wp:paragraph --><\/p>\n<p><em><strong>Nos encargamos de encontrar al proveedor&#8230;<\/p>\n","protected":false},"author":1,"featured_media":0,"parent":0,"menu_order":0,"comment_status":"closed","ping_status":"closed","template":"","meta":{"_uag_custom_page_level_css":"","site-sidebar-layout":"default","site-content-layout":"","ast-site-content-layout":"default","site-content-style":"default","site-sidebar-style":"default","ast-global-header-display":"","ast-banner-title-visibility":"","ast-main-header-display":"","ast-hfb-above-header-display":"","ast-hfb-below-header-display":"","ast-hfb-mobile-header-display":"","site-post-title":"","ast-breadcrumbs-content":"","ast-featured-img":"","footer-sml-layout":"","theme-transparent-header-meta":"","adv-header-id-meta":"","stick-header-meta":"","header-above-stick-meta":"","header-main-stick-meta":"","header-below-stick-meta":"","astra-migrate-meta-layouts":"set","ast-page-background-enabled":"default","ast-page-background-meta":{"desktop":{"background-color":"","background-image":"","background-repeat":"repeat","background-position":"center center","background-size":"auto","background-attachment":"scroll","background-type":"","background-media":"","overlay-type":"","overlay-color":"","overlay-opacity":"","overlay-gradient":""},"tablet":{"background-color":"","background-image":"","background-repeat":"repeat","background-position":"center center","background-size":"auto","background-attachment":"scroll","background-type":"","background-media":"","overlay-type":"","overlay-color":"","overlay-opacity":"","overlay-gradient":""},"mobile":{"background-color":"","background-image":"","background-repeat":"repeat","background-position":"center center","background-size":"auto","background-attachment":"scroll","background-type":"","background-media":"","overlay-type":"","overlay-color":"","overlay-opacity":"","overlay-gradient":""}},"ast-content-background-meta":{"desktop":{"background-color":"var(--ast-global-color-5)","background-image":"","background-repeat":"repeat","background-position":"center center","background-size":"auto","background-attachment":"scroll","background-type":"","background-media":"","overlay-type":"","overlay-color":"","overlay-opacity":"","overlay-gradient":""},"tablet":{"background-color":"var(--ast-global-color-5)","background-image":"","background-repeat":"repeat","background-position":"center center","background-size":"auto","background-attachment":"scroll","background-type":"","background-media":"","overlay-type":"","overlay-color":"","overlay-opacity":"","overlay-gradient":""},"mobile":{"background-color":"var(--ast-global-color-5)","background-image":"","background-repeat":"repeat","background-position":"center center","background-size":"auto","background-attachment":"scroll","background-type":"","background-media":"","overlay-type":"","overlay-color":"","overlay-opacity":"","overlay-gradient":""}},"footnotes":""},"uagb_featured_image_src":{"full":false,"thumbnail":false,"medium":false,"medium_large":false,"large":false,"1536x1536":false,"2048x2048":false},"uagb_author_info":{"display_name":"Edhk","author_link":"https:\/\/d2dtradingcompany.com\/es_AR\/author\/edhk\/"},"uagb_comment_info":0,"uagb_excerpt":"B\u00daSQUEDA DE F\u00c1BRICAS \/ PROVEEDORES Nos encargamos de encontrar al proveedor...","_links":{"self":[{"href":"https:\/\/d2dtradingcompany.com\/es_AR\/wp-json\/wp\/v2\/pages\/1097"}],"collection":[{"href":"https:\/\/d2dtradingcompany.com\/es_AR\/wp-json\/wp\/v2\/pages"}],"about":[{"href":"https:\/\/d2dtradingcompany.com\/es_AR\/wp-json\/wp\/v2\/types\/page"}],"author":[{"embeddable":true,"href":"https:\/\/d2dtradingcompany.com\/es_AR\/wp-json\/wp\/v2\/users\/1"}],"replies":[{"embeddable":true,"href":"https:\/\/d2dtradingcompany.com\/es_AR\/wp-json\/wp\/v2\/comments?post=1097"}],"version-history":[{"count":9,"href":"https:\/\/d2dtradingcompany.com\/es_AR\/wp-json\/wp\/v2\/pages\/1097\/revisions"}],"predecessor-version":[{"id":1561,"href":"https:\/\/d2dtradingcompany.com\/es_AR\/wp-json\/wp\/v2\/pages\/1097\/revisions\/1561"}],"wp:attachment":[{"href":"https:\/\/d2dtradingcompany.com\/es_AR\/wp-json\/wp\/v2\/media?parent=1097"}],"curies":[{"name":"wp","href":"https:\/\/api.w.org\/{rel}","templated":true}]}}