{"id":1101,"date":"2024-07-01T14:13:53","date_gmt":"2024-07-01T14:13:53","guid":{"rendered":"https:\/\/d2dtradingcompany.com\/?page_id=1101"},"modified":"2024-07-11T15:07:48","modified_gmt":"2024-07-11T15:07:48","slug":"trading-%ed%8a%b8%eb%a0%88%ec%9d%b4%eb%94%a9","status":"publish","type":"page","link":"https:\/\/d2dtradingcompany.com\/es_AR\/trading-%ed%8a%b8%eb%a0%88%ec%9d%b4%eb%94%a9\/","title":{"rendered":"-Trading"},"content":{"rendered":"\n<figure class=\"wp-block-image size-large is-resized\"><img loading=\"lazy\" decoding=\"async\" width=\"1024\" height=\"248\" src=\"https:\/\/d2dtradingcompany.com\/wp-content\/uploads\/2024\/07\/TRADINGG-1-1024x248.jpg\" alt=\"\" class=\"wp-image-1591\" style=\"width:1288px\" srcset=\"https:\/\/d2dtradingcompany.com\/wp-content\/uploads\/2024\/07\/TRADINGG-1-1024x248.jpg 1024w, https:\/\/d2dtradingcompany.com\/wp-content\/uploads\/2024\/07\/TRADINGG-1-300x73.jpg 300w, https:\/\/d2dtradingcompany.com\/wp-content\/uploads\/2024\/07\/TRADINGG-1-768x186.jpg 768w, https:\/\/d2dtradingcompany.com\/wp-content\/uploads\/2024\/07\/TRADINGG-1-1536x371.jpg 1536w, https:\/\/d2dtradingcompany.com\/wp-content\/uploads\/2024\/07\/TRADINGG-1-2048x495.jpg 2048w\" sizes=\"(max-width: 1024px) 100vw, 1024px\" \/><\/figure>\n\n\n\n<p style=\"font-size:16px\"><strong>B\u00daSQUEDA DE F\u00c1BRICAS \/ PROVEEDORES<\/strong><\/p>\n\n\n\n<ul>\n<li><strong>Identificar y seleccionar proveedores adecuados para las necesidades espec\u00edficas de cada cliente<\/strong><\/li>\n<\/ul>\n\n\n\n<p>El objetivo es optimizar la cadena de suministro, asegurando que el cliente obtenga productos de alta calidad a precios competitivos y en los plazos requeridos.<\/p>\n\n\n\n<p style=\"font-size:16px\"><strong>MUESTRA y CONTRAMUESTRA<\/strong><\/p>\n\n\n\n<ul>\n<li><strong>Creaci\u00f3n de un prototipo inicial para evaluar el dise\u00f1o<\/strong><\/li>\n\n\n\n<li><strong>Seguido por la inspecci\u00f3n de muestras de producci\u00f3n real para garantizar que cumplan con los est\u00e1ndares de calidad y dise\u00f1o antes de la distribuci\u00f3n.<\/strong><\/li>\n<\/ul>\n\n\n\n<p>Esto asegura que las prendas cumplan con las expectativas del cliente y mantengan la integridad del dise\u00f1o original.<\/p>\n\n\n\n<p style=\"font-size:16px\"><strong>CONTROL DE CALIDAD<\/strong><\/p>\n\n\n\n<ul>\n<li><strong>Asegurar que los productos cumplan con est\u00e1ndares rigurosos antes de llegar a los clientes<\/strong><\/li>\n<\/ul>\n\n\n\n<p>Esto se logra mediante inspecciones, pruebas meticulosas y la correcci\u00f3n de posibles defectos en todas las etapas de producci\u00f3n. Es fundamental para mantener la calidad, seguridad y satisfacci\u00f3n del cliente, as\u00ed como para mejorar continuamente los procesos de fabricaci\u00f3n.<\/p>\n\n\n\t\t\t\t\t<div\n\t\t\t\t\t\tclass=\"wp-block-uagb-image-gallery uagb-block-968985be     \"\n\t\t\t\t\t\tstyle=\"\"\n\t\t\t\t\t>\n\t\t\t\t\t\t\t\t\t\t\t<div class=\"spectra-image-gallery spectra-image-gallery__layout--grid spectra-image-gallery__layout--grid-col-3 spectra-image-gallery__layout--grid-col-tab-3 spectra-image-gallery__layout--grid-col-mob-2\">\n\t\t\t\t\t\t\t\t\t\t\t<div class='spectra-image-gallery__media-wrapper' data-spectra-gallery-image-id='1297'>\n\t\t\t\t\t\t\t<div class=\"spectra-image-gallery__media spectra-image-gallery__media--grid\">\n\t\t\t\t<picture>\n\t\t\t\t\t<source media=\"(min-width: 1024px)\" srcset=\"https:\/\/d2dtradingcompany.com\/wp-content\/uploads\/2024\/07\/inline_image_preview.jpg\">\n\t\t\t\t\t<source media=\"(min-width: 768px)\" srcset=\"https:\/\/d2dtradingcompany.com\/wp-content\/uploads\/2024\/07\/inline_image_preview.jpg\">\n\t\t\t\t\t<img decoding=\"async\" class=\"spectra-image-gallery__media-thumbnail spectra-image-gallery__media-thumbnail--grid\" src=\"https:\/\/d2dtradingcompany.com\/wp-content\/uploads\/2024\/07\/inline_image_preview-300x169.jpg\" alt=\"\" loading=\"lazy\" \/>\n\t\t\t\t<\/picture>\n\t\t\t\t<div class=\"spectra-image-gallery__media-thumbnail-blurrer\"><\/div>\n\t\t\t\t\t\t\t\t\t\t\t<div class=\"spectra-image-gallery__media-thumbnail-caption-wrapper spectra-image-gallery__media-thumbnail-caption-wrapper--overlay\"><\/div>\n\t\t\t\t\t\t\t\t<\/div>\n\t\t\t\t\t\t<\/div>\n\t\t\t\t\t\t<div class='spectra-image-gallery__media-wrapper' data-spectra-gallery-image-id='1295'>\n\t\t\t\t\t\t\t<div class=\"spectra-image-gallery__media spectra-image-gallery__media--grid\">\n\t\t\t\t<picture>\n\t\t\t\t\t<source media=\"(min-width: 1024px)\" srcset=\"https:\/\/d2dtradingcompany.com\/wp-content\/uploads\/2024\/07\/creating-fashion-through-skilled-sewing-expertise-indoors-generated-by-ai_188544-29837.avif\">\n\t\t\t\t\t<source media=\"(min-width: 768px)\" srcset=\"https:\/\/d2dtradingcompany.com\/wp-content\/uploads\/2024\/07\/creating-fashion-through-skilled-sewing-expertise-indoors-generated-by-ai_188544-29837.avif\">\n\t\t\t\t\t<img decoding=\"async\" class=\"spectra-image-gallery__media-thumbnail spectra-image-gallery__media-thumbnail--grid\" src=\"https:\/\/d2dtradingcompany.com\/wp-content\/uploads\/2024\/07\/creating-fashion-through-skilled-sewing-expertise-indoors-generated-by-ai_188544-29837-300x172.avif\" alt=\"\" loading=\"lazy\" \/>\n\t\t\t\t<\/picture>\n\t\t\t\t<div class=\"spectra-image-gallery__media-thumbnail-blurrer\"><\/div>\n\t\t\t\t\t\t\t\t\t\t\t<div class=\"spectra-image-gallery__media-thumbnail-caption-wrapper spectra-image-gallery__media-thumbnail-caption-wrapper--overlay\"><\/div>\n\t\t\t\t\t\t\t\t<\/div>\n\t\t\t\t\t\t<\/div>\n\t\t\t\t\t\t<div class='spectra-image-gallery__media-wrapper' data-spectra-gallery-image-id='1298'>\n\t\t\t\t\t\t\t<div class=\"spectra-image-gallery__media spectra-image-gallery__media--grid\">\n\t\t\t\t<picture>\n\t\t\t\t\t<source media=\"(min-width: 1024px)\" srcset=\"https:\/\/d2dtradingcompany.com\/wp-content\/uploads\/2024\/07\/dcc4fb4da556a-1024x588.jpg\">\n\t\t\t\t\t<source media=\"(min-width: 768px)\" srcset=\"https:\/\/d2dtradingcompany.com\/wp-content\/uploads\/2024\/07\/dcc4fb4da556a-1024x588.jpg\">\n\t\t\t\t\t<img decoding=\"async\" class=\"spectra-image-gallery__media-thumbnail spectra-image-gallery__media-thumbnail--grid\" src=\"https:\/\/d2dtradingcompany.com\/wp-content\/uploads\/2024\/07\/dcc4fb4da556a-300x172.jpg\" alt=\"\" loading=\"lazy\" \/>\n\t\t\t\t<\/picture>\n\t\t\t\t<div class=\"spectra-image-gallery__media-thumbnail-blurrer\"><\/div>\n\t\t\t\t\t\t\t\t\t\t\t<div class=\"spectra-image-gallery__media-thumbnail-caption-wrapper spectra-image-gallery__media-thumbnail-caption-wrapper--overlay\"><\/div>\n\t\t\t\t\t\t\t\t<\/div>\n\t\t\t\t\t\t<\/div>\n\t\t\t\t\t\t\t\t\t\t<\/div>\n\t\t\t\t\t\t\t\t\t\t\t\t\t\t\t\t\t\t<\/div>\n\t\t\t\t\t\t\t\t\t","protected":false},"excerpt":{"rendered":"<p><!-- wp:image {\"id\":1591,\"width\":\"1288px\",\"sizeSlug\":\"large\",\"linkDestination\":\"none\"} --><\/p>\n<figure class=\"wp-block-image size-large is-resized\"><img decoding=\"async\" src=\"https:\/\/d2dtradingcompany.com\/wp-content\/uploads\/2024\/07\/TRADINGG-1-1024x248.jpg\" alt=\"\" class=\"...\n<\/p>\n","protected":false},"author":1,"featured_media":0,"parent":0,"menu_order":0,"comment_status":"closed","ping_status":"closed","template":"","meta":{"_uag_custom_page_level_css":"","site-sidebar-layout":"default","site-content-layout":"","ast-site-content-layout":"default","site-content-style":"default","site-sidebar-style":"default","ast-global-header-display":"","ast-banner-title-visibility":"","ast-main-header-display":"","ast-hfb-above-header-display":"","ast-hfb-below-header-display":"","ast-hfb-mobile-header-display":"","site-post-title":"","ast-breadcrumbs-content":"","ast-featured-img":"","footer-sml-layout":"","theme-transparent-header-meta":"","adv-header-id-meta":"","stick-header-meta":"","header-above-stick-meta":"","header-main-stick-meta":"","header-below-stick-meta":"","astra-migrate-meta-layouts":"set","ast-page-background-enabled":"default","ast-page-background-meta":{"desktop":{"background-color":"","background-image":"","background-repeat":"repeat","background-position":"center center","background-size":"auto","background-attachment":"scroll","background-type":"","background-media":"","overlay-type":"","overlay-color":"","overlay-opacity":"","overlay-gradient":""},"tablet":{"background-color":"","background-image":"","background-repeat":"repeat","background-position":"center center","background-size":"auto","background-attachment":"scroll","background-type":"","background-media":"","overlay-type":"","overlay-color":"","overlay-opacity":"","overlay-gradient":""},"mobile":{"background-color":"","background-image":"","background-repeat":"repeat","background-position":"center center","background-size":"auto","background-attachment":"scroll","background-type":"","background-media":"","overlay-type":"","overlay-color":"","overlay-opacity":"","overlay-gradient":""}},"ast-content-background-meta":{"desktop":{"background-color":"var(--ast-global-color-5)","background-image":"","background-repeat":"repeat","background-position":"center center","background-size":"auto","background-attachment":"scroll","background-type":"","background-media":"","overlay-type":"","overlay-color":"","overlay-opacity":"","overlay-gradient":""},"tablet":{"background-color":"var(--ast-global-color-5)","background-image":"","background-repeat":"repeat","background-position":"center center","background-size":"auto","background-attachment":"scroll","background-type":"","background-media":"","overlay-type":"","overlay-color":"","overlay-opacity":"","overlay-gradient":""},"mobile":{"background-color":"var(--ast-global-color-5)","background-image":"","background-repeat":"repeat","background-position":"center center","background-size":"auto","background-attachment":"scroll","background-type":"","background-media":"","overlay-type":"","overlay-color":"","overlay-opacity":"","overlay-gradient":""}},"footnotes":""},"uagb_featured_image_src":{"full":false,"thumbnail":false,"medium":false,"medium_large":false,"large":false,"1536x1536":false,"2048x2048":false},"uagb_author_info":{"display_name":"Edhk","author_link":"https:\/\/d2dtradingcompany.com\/es_AR\/author\/edhk\/"},"uagb_comment_info":0,"uagb_excerpt":null,"_links":{"self":[{"href":"https:\/\/d2dtradingcompany.com\/es_AR\/wp-json\/wp\/v2\/pages\/1101"}],"collection":[{"href":"https:\/\/d2dtradingcompany.com\/es_AR\/wp-json\/wp\/v2\/pages"}],"about":[{"href":"https:\/\/d2dtradingcompany.com\/es_AR\/wp-json\/wp\/v2\/types\/page"}],"author":[{"embeddable":true,"href":"https:\/\/d2dtradingcompany.com\/es_AR\/wp-json\/wp\/v2\/users\/1"}],"replies":[{"embeddable":true,"href":"https:\/\/d2dtradingcompany.com\/es_AR\/wp-json\/wp\/v2\/comments?post=1101"}],"version-history":[{"count":17,"href":"https:\/\/d2dtradingcompany.com\/es_AR\/wp-json\/wp\/v2\/pages\/1101\/revisions"}],"predecessor-version":[{"id":1592,"href":"https:\/\/d2dtradingcompany.com\/es_AR\/wp-json\/wp\/v2\/pages\/1101\/revisions\/1592"}],"wp:attachment":[{"href":"https:\/\/d2dtradingcompany.com\/es_AR\/wp-json\/wp\/v2\/media?parent=1101"}],"curies":[{"name":"wp","href":"https:\/\/api.w.org\/{rel}","templated":true}]}}