{"id":1232,"date":"2024-07-05T15:58:21","date_gmt":"2024-07-05T15:58:21","guid":{"rendered":"https:\/\/d2dtradingcompany.com\/?page_id=1232"},"modified":"2024-07-16T14:25:32","modified_gmt":"2024-07-16T14:25:32","slug":"transporte","status":"publish","type":"page","link":"https:\/\/d2dtradingcompany.com\/es_AR\/transporte\/","title":{"rendered":"-Transporte"},"content":{"rendered":"\n<figure class=\"wp-block-image size-large is-resized\"><img loading=\"lazy\" decoding=\"async\" width=\"1024\" height=\"248\" src=\"https:\/\/d2dtradingcompany.com\/wp-content\/uploads\/2024\/07\/TRANSPORTEE-1024x248.jpg\" alt=\"\" class=\"wp-image-1595\" style=\"width:1288px\" srcset=\"https:\/\/d2dtradingcompany.com\/wp-content\/uploads\/2024\/07\/TRANSPORTEE-1024x248.jpg 1024w, https:\/\/d2dtradingcompany.com\/wp-content\/uploads\/2024\/07\/TRANSPORTEE-300x73.jpg 300w, https:\/\/d2dtradingcompany.com\/wp-content\/uploads\/2024\/07\/TRANSPORTEE-768x186.jpg 768w, https:\/\/d2dtradingcompany.com\/wp-content\/uploads\/2024\/07\/TRANSPORTEE-1536x371.jpg 1536w, https:\/\/d2dtradingcompany.com\/wp-content\/uploads\/2024\/07\/TRANSPORTEE-2048x495.jpg 2048w\" sizes=\"(max-width: 1024px) 100vw, 1024px\" \/><\/figure>\n\n\n\n<p style=\"font-size:16px\"><strong>ALMACENAJE<\/strong><\/p>\n\n\n\n<ul>\n<li><strong>Dep\u00f3sito<\/strong> <strong>de mercader\u00edas<\/strong>.<\/li>\n<\/ul>\n\n\n\n<p>Guardamos mercaderias de manera segura y organizada en espacios f\u00edsicos designados.Esto incluye recibir, organizar, gestionar inventarios y preparar para su env\u00edo posterior.<\/p>\n\n\n\n<p style=\"font-size:16px\"><strong>EMBALAJE<\/strong><\/p>\n\n\n\n<ul>\n<li><strong>Preparar los productos para su transporte y almacenamiento<\/strong>.<\/li>\n<\/ul>\n\n\n\n<p>Alistamos y almacenamos los productos utilizando materiales adecuados, asegurando que los productos lleguen en condiciones \u00f3ptimas al destino final.<\/p>\n\n\n\n<p style=\"font-size:16px\"><strong>ENVIO INTERNACIONAL<\/strong><\/p>\n\n\n\n<ul>\n<li><strong>Transportar mercanc\u00edas a trav\u00e9s de fronteras nacionales hacia destinos internacionales<\/strong>.<\/li>\n<\/ul>\n\n\n\n<p>Asegurando cumplimiento aduanero, embalaje adecuado, gesti\u00f3n de documentaci\u00f3n y selecci\u00f3n de rutas eficientes.<\/p>\n\n\n\t\t\t\t\t<div\n\t\t\t\t\t\tclass=\"wp-block-uagb-image-gallery uagb-block-d139f636     \"\n\t\t\t\t\t\tstyle=\"\"\n\t\t\t\t\t>\n\t\t\t\t\t\t\t\t\t\t\t<div class=\"spectra-image-gallery spectra-image-gallery__layout--grid spectra-image-gallery__layout--grid-col-3 spectra-image-gallery__layout--grid-col-tab-2 spectra-image-gallery__layout--grid-col-mob-2\">\n\t\t\t\t\t\t\t\t\t\t\t<div class='spectra-image-gallery__media-wrapper' data-spectra-gallery-image-id='1304'>\n\t\t\t\t\t\t\t<div class=\"spectra-image-gallery__media spectra-image-gallery__media--grid\">\n\t\t\t\t<picture>\n\t\t\t\t\t<source media=\"(min-width: 1024px)\" srcset=\"https:\/\/d2dtradingcompany.com\/wp-content\/uploads\/2024\/07\/img-block-related-network-logistics-01-1024x731.jpg\">\n\t\t\t\t\t<source media=\"(min-width: 768px)\" srcset=\"https:\/\/d2dtradingcompany.com\/wp-content\/uploads\/2024\/07\/img-block-related-network-logistics-01-1024x731.jpg\">\n\t\t\t\t\t<img decoding=\"async\" class=\"spectra-image-gallery__media-thumbnail spectra-image-gallery__media-thumbnail--grid\" src=\"https:\/\/d2dtradingcompany.com\/wp-content\/uploads\/2024\/07\/img-block-related-network-logistics-01-300x214.jpg\" alt=\"\" loading=\"lazy\" \/>\n\t\t\t\t<\/picture>\n\t\t\t\t<div class=\"spectra-image-gallery__media-thumbnail-blurrer\"><\/div>\n\t\t\t\t\t\t\t\t\t\t\t<div class=\"spectra-image-gallery__media-thumbnail-caption-wrapper spectra-image-gallery__media-thumbnail-caption-wrapper--overlay\"><\/div>\n\t\t\t\t\t\t\t\t<\/div>\n\t\t\t\t\t\t<\/div>\n\t\t\t\t\t\t<div class='spectra-image-gallery__media-wrapper' data-spectra-gallery-image-id='1305'>\n\t\t\t\t\t\t\t<div class=\"spectra-image-gallery__media spectra-image-gallery__media--grid\">\n\t\t\t\t<picture>\n\t\t\t\t\t<source media=\"(min-width: 1024px)\" srcset=\"https:\/\/d2dtradingcompany.com\/wp-content\/uploads\/2024\/07\/2022090117361723588_1662021377_0017431337.jpg\">\n\t\t\t\t\t<source media=\"(min-width: 768px)\" srcset=\"https:\/\/d2dtradingcompany.com\/wp-content\/uploads\/2024\/07\/2022090117361723588_1662021377_0017431337.jpg\">\n\t\t\t\t\t<img decoding=\"async\" class=\"spectra-image-gallery__media-thumbnail spectra-image-gallery__media-thumbnail--grid\" src=\"https:\/\/d2dtradingcompany.com\/wp-content\/uploads\/2024\/07\/2022090117361723588_1662021377_0017431337-300x150.jpg\" alt=\"\" loading=\"lazy\" \/>\n\t\t\t\t<\/picture>\n\t\t\t\t<div class=\"spectra-image-gallery__media-thumbnail-blurrer\"><\/div>\n\t\t\t\t\t\t\t\t\t\t\t<div class=\"spectra-image-gallery__media-thumbnail-caption-wrapper spectra-image-gallery__media-thumbnail-caption-wrapper--overlay\"><\/div>\n\t\t\t\t\t\t\t\t<\/div>\n\t\t\t\t\t\t<\/div>\n\t\t\t\t\t\t<div class='spectra-image-gallery__media-wrapper' data-spectra-gallery-image-id='1311'>\n\t\t\t\t\t\t\t<div class=\"spectra-image-gallery__media spectra-image-gallery__media--grid\">\n\t\t\t\t<picture>\n\t\t\t\t\t<source media=\"(min-width: 1024px)\" srcset=\"https:\/\/d2dtradingcompany.com\/wp-content\/uploads\/2024\/07\/3333.jpg\">\n\t\t\t\t\t<source media=\"(min-width: 768px)\" srcset=\"https:\/\/d2dtradingcompany.com\/wp-content\/uploads\/2024\/07\/3333.jpg\">\n\t\t\t\t\t<img decoding=\"async\" class=\"spectra-image-gallery__media-thumbnail spectra-image-gallery__media-thumbnail--grid\" src=\"https:\/\/d2dtradingcompany.com\/wp-content\/uploads\/2024\/07\/3333-300x257.jpg\" alt=\"\" loading=\"lazy\" \/>\n\t\t\t\t<\/picture>\n\t\t\t\t<div class=\"spectra-image-gallery__media-thumbnail-blurrer\"><\/div>\n\t\t\t\t\t\t\t\t\t\t\t<div class=\"spectra-image-gallery__media-thumbnail-caption-wrapper spectra-image-gallery__media-thumbnail-caption-wrapper--overlay\"><\/div>\n\t\t\t\t\t\t\t\t<\/div>\n\t\t\t\t\t\t<\/div>\n\t\t\t\t\t\t\t\t\t\t<\/div>\n\t\t\t\t\t\t\t\t\t\t\t\t\t\t\t\t\t\t<\/div>\n\t\t\t\t\t\t\t\t\t","protected":false},"excerpt":{"rendered":"<p><!-- wp:image {\"id\":1595,\"width\":\"1288px\",\"sizeSlug\":\"large\",\"linkDestination\":\"none\"} --><\/p>\n<figure class=\"wp-block-image size-large is-resized\"><img decoding=\"async\" src=\"https:\/\/d2dtradingcompany.com\/wp-content\/uploads\/2024\/07\/TRANSPORTEE-1024x248.jpg\" alt=\"\" class=...\n<\/p>\n","protected":false},"author":1,"featured_media":0,"parent":0,"menu_order":0,"comment_status":"closed","ping_status":"closed","template":"","meta":{"_uag_custom_page_level_css":"","site-sidebar-layout":"default","site-content-layout":"","ast-site-content-layout":"default","site-content-style":"default","site-sidebar-style":"default","ast-global-header-display":"","ast-banner-title-visibility":"","ast-main-header-display":"","ast-hfb-above-header-display":"","ast-hfb-below-header-display":"","ast-hfb-mobile-header-display":"","site-post-title":"","ast-breadcrumbs-content":"","ast-featured-img":"","footer-sml-layout":"","theme-transparent-header-meta":"","adv-header-id-meta":"","stick-header-meta":"","header-above-stick-meta":"","header-main-stick-meta":"","header-below-stick-meta":"","astra-migrate-meta-layouts":"set","ast-page-background-enabled":"default","ast-page-background-meta":{"desktop":{"background-color":"","background-image":"","background-repeat":"repeat","background-position":"center center","background-size":"auto","background-attachment":"scroll","background-type":"","background-media":"","overlay-type":"","overlay-color":"","overlay-opacity":"","overlay-gradient":""},"tablet":{"background-color":"","background-image":"","background-repeat":"repeat","background-position":"center center","background-size":"auto","background-attachment":"scroll","background-type":"","background-media":"","overlay-type":"","overlay-color":"","overlay-opacity":"","overlay-gradient":""},"mobile":{"background-color":"","background-image":"","background-repeat":"repeat","background-position":"center center","background-size":"auto","background-attachment":"scroll","background-type":"","background-media":"","overlay-type":"","overlay-color":"","overlay-opacity":"","overlay-gradient":""}},"ast-content-background-meta":{"desktop":{"background-color":"var(--ast-global-color-5)","background-image":"","background-repeat":"repeat","background-position":"center center","background-size":"auto","background-attachment":"scroll","background-type":"","background-media":"","overlay-type":"","overlay-color":"","overlay-opacity":"","overlay-gradient":""},"tablet":{"background-color":"var(--ast-global-color-5)","background-image":"","background-repeat":"repeat","background-position":"center center","background-size":"auto","background-attachment":"scroll","background-type":"","background-media":"","overlay-type":"","overlay-color":"","overlay-opacity":"","overlay-gradient":""},"mobile":{"background-color":"var(--ast-global-color-5)","background-image":"","background-repeat":"repeat","background-position":"center center","background-size":"auto","background-attachment":"scroll","background-type":"","background-media":"","overlay-type":"","overlay-color":"","overlay-opacity":"","overlay-gradient":""}},"footnotes":""},"uagb_featured_image_src":{"full":false,"thumbnail":false,"medium":false,"medium_large":false,"large":false,"1536x1536":false,"2048x2048":false},"uagb_author_info":{"display_name":"Edhk","author_link":"https:\/\/d2dtradingcompany.com\/es_AR\/author\/edhk\/"},"uagb_comment_info":0,"uagb_excerpt":null,"_links":{"self":[{"href":"https:\/\/d2dtradingcompany.com\/es_AR\/wp-json\/wp\/v2\/pages\/1232"}],"collection":[{"href":"https:\/\/d2dtradingcompany.com\/es_AR\/wp-json\/wp\/v2\/pages"}],"about":[{"href":"https:\/\/d2dtradingcompany.com\/es_AR\/wp-json\/wp\/v2\/types\/page"}],"author":[{"embeddable":true,"href":"https:\/\/d2dtradingcompany.com\/es_AR\/wp-json\/wp\/v2\/users\/1"}],"replies":[{"embeddable":true,"href":"https:\/\/d2dtradingcompany.com\/es_AR\/wp-json\/wp\/v2\/comments?post=1232"}],"version-history":[{"count":26,"href":"https:\/\/d2dtradingcompany.com\/es_AR\/wp-json\/wp\/v2\/pages\/1232\/revisions"}],"predecessor-version":[{"id":1599,"href":"https:\/\/d2dtradingcompany.com\/es_AR\/wp-json\/wp\/v2\/pages\/1232\/revisions\/1599"}],"wp:attachment":[{"href":"https:\/\/d2dtradingcompany.com\/es_AR\/wp-json\/wp\/v2\/media?parent=1232"}],"curies":[{"name":"wp","href":"https:\/\/api.w.org\/{rel}","templated":true}]}}